{"id":28450,"date":"2026-03-20T11:40:21","date_gmt":"2026-03-20T17:40:21","guid":{"rendered":"https:\/\/shalan1838.com\/?post_type=product&#038;p=28450"},"modified":"2026-03-20T11:40:21","modified_gmt":"2026-03-20T17:40:21","slug":"vestido-senoral","status":"publish","type":"product","link":"https:\/\/shalan1838.com\/zh\/product\/vestido-senoral\/","title":{"rendered":"VESTIDO SE\u00d1ORAL"},"content":{"rendered":"<p>VESTIDO PARA SE\u00d1ORA Y SE\u00d1ORITA CON VARIEDAD DE TALLAS Y COLORES<\/p>\n<p>&nbsp;<\/p>","protected":false},"excerpt":{"rendered":"<p>DISPONIBLE POR UNIDAD Y MAYOREO<\/p>","protected":false},"featured_media":28451,"comment_status":"open","ping_status":"closed","template":"","meta":[],"product_brand":[],"product_cat":[72],"product_tag":[],"class_list":{"0":"post-28450","1":"product","2":"type-product","3":"status-publish","4":"has-post-thumbnail","6":"product_cat-clothing","8":"first","9":"instock","10":"shipping-taxable","11":"purchasable","12":"product-type-simple"},"jetpack_sharing_enabled":true,"_links":{"self":[{"href":"https:\/\/shalan1838.com\/zh\/wp-json\/wp\/v2\/product\/28450","targetHints":{"allow":["GET"]}}],"collection":[{"href":"https:\/\/shalan1838.com\/zh\/wp-json\/wp\/v2\/product"}],"about":[{"href":"https:\/\/shalan1838.com\/zh\/wp-json\/wp\/v2\/types\/product"}],"replies":[{"embeddable":true,"href":"https:\/\/shalan1838.com\/zh\/wp-json\/wp\/v2\/comments?post=28450"}],"version-history":[{"count":1,"href":"https:\/\/shalan1838.com\/zh\/wp-json\/wp\/v2\/product\/28450\/revisions"}],"predecessor-version":[{"id":28452,"href":"https:\/\/shalan1838.com\/zh\/wp-json\/wp\/v2\/product\/28450\/revisions\/28452"}],"wp:featuredmedia":[{"embeddable":true,"href":"https:\/\/shalan1838.com\/zh\/wp-json\/wp\/v2\/media\/28451"}],"wp:attachment":[{"href":"https:\/\/shalan1838.com\/zh\/wp-json\/wp\/v2\/media?parent=28450"}],"wp:term":[{"taxonomy":"product_brand","embeddable":true,"href":"https:\/\/shalan1838.com\/zh\/wp-json\/wp\/v2\/product_brand?post=28450"},{"taxonomy":"product_cat","embeddable":true,"href":"https:\/\/shalan1838.com\/zh\/wp-json\/wp\/v2\/product_cat?post=28450"},{"taxonomy":"product_tag","embeddable":true,"href":"https:\/\/shalan1838.com\/zh\/wp-json\/wp\/v2\/product_tag?post=28450"}],"curies":[{"name":"wp","href":"https:\/\/api.w.org\/{rel}","templated":true}]}}