{"id":29698,"date":"2026-04-16T15:36:31","date_gmt":"2026-04-16T21:36:31","guid":{"rendered":"https:\/\/shalan1838.com\/?post_type=product&#038;p=29698"},"modified":"2026-04-16T15:36:31","modified_gmt":"2026-04-16T21:36:31","slug":"ropa-para-nino-44","status":"publish","type":"product","link":"https:\/\/shalan1838.com\/en\/product\/ropa-para-nino-44\/","title":{"rendered":"ROPA PARA NI\u00d1O"},"content":{"rendered":"","protected":false},"excerpt":{"rendered":"<p>Conjunto deportivo para ni\u00f1o, de la selecci\u00f3n nacional de Francia <\/p>\n<p>Tallas disponibles: 14 al 30<\/p>","protected":false},"featured_media":29699,"comment_status":"open","ping_status":"closed","template":"","meta":[],"product_brand":[],"product_cat":[72],"product_tag":[],"class_list":{"0":"post-29698","1":"product","2":"type-product","3":"status-publish","4":"has-post-thumbnail","6":"product_cat-clothing","8":"first","9":"instock","10":"shipping-taxable","11":"purchasable","12":"product-type-simple"},"jetpack_sharing_enabled":true,"_links":{"self":[{"href":"https:\/\/shalan1838.com\/en\/wp-json\/wp\/v2\/product\/29698","targetHints":{"allow":["GET"]}}],"collection":[{"href":"https:\/\/shalan1838.com\/en\/wp-json\/wp\/v2\/product"}],"about":[{"href":"https:\/\/shalan1838.com\/en\/wp-json\/wp\/v2\/types\/product"}],"replies":[{"embeddable":true,"href":"https:\/\/shalan1838.com\/en\/wp-json\/wp\/v2\/comments?post=29698"}],"version-history":[{"count":1,"href":"https:\/\/shalan1838.com\/en\/wp-json\/wp\/v2\/product\/29698\/revisions"}],"predecessor-version":[{"id":29700,"href":"https:\/\/shalan1838.com\/en\/wp-json\/wp\/v2\/product\/29698\/revisions\/29700"}],"wp:featuredmedia":[{"embeddable":true,"href":"https:\/\/shalan1838.com\/en\/wp-json\/wp\/v2\/media\/29699"}],"wp:attachment":[{"href":"https:\/\/shalan1838.com\/en\/wp-json\/wp\/v2\/media?parent=29698"}],"wp:term":[{"taxonomy":"product_brand","embeddable":true,"href":"https:\/\/shalan1838.com\/en\/wp-json\/wp\/v2\/product_brand?post=29698"},{"taxonomy":"product_cat","embeddable":true,"href":"https:\/\/shalan1838.com\/en\/wp-json\/wp\/v2\/product_cat?post=29698"},{"taxonomy":"product_tag","embeddable":true,"href":"https:\/\/shalan1838.com\/en\/wp-json\/wp\/v2\/product_tag?post=29698"}],"curies":[{"name":"wp","href":"https:\/\/api.w.org\/{rel}","templated":true}]}}