{"id":29179,"date":"2026-04-04T17:53:04","date_gmt":"2026-04-04T23:53:04","guid":{"rendered":"https:\/\/shalan1838.com\/?post_type=product&#038;p=29179"},"modified":"2026-04-04T17:53:05","modified_gmt":"2026-04-04T23:53:05","slug":"ropa-para-nino-13","status":"publish","type":"product","link":"https:\/\/shalan1838.com\/en\/product\/ropa-para-nino-13\/","title":{"rendered":"ROPA PARA NI\u00d1O"},"content":{"rendered":"<p>Camisa para ni\u00f1o marca Nike, en diferentes tallas y colores a tan solo 110 Lempiras<\/p>\n<p>Pantal\u00f3n formal para ni\u00f1o, en\u00a0 en diferentes tallas y colores a tan solo 130 Lempiras<\/p>","protected":false},"excerpt":{"rendered":"<p>Camisa para ni\u00f1o marca Nike, en diferentes tallas y colores a tan solo 110 Lempiras Pantal\u00f3n formal para ni\u00f1o, en\u00a0<\/p>","protected":false},"featured_media":29181,"comment_status":"open","ping_status":"closed","template":"","meta":[],"product_brand":[],"product_cat":[72],"product_tag":[],"class_list":{"0":"post-29179","1":"product","2":"type-product","3":"status-publish","4":"has-post-thumbnail","6":"product_cat-clothing","8":"first","9":"instock","10":"shipping-taxable","11":"purchasable","12":"product-type-simple"},"jetpack_sharing_enabled":true,"_links":{"self":[{"href":"https:\/\/shalan1838.com\/en\/wp-json\/wp\/v2\/product\/29179","targetHints":{"allow":["GET"]}}],"collection":[{"href":"https:\/\/shalan1838.com\/en\/wp-json\/wp\/v2\/product"}],"about":[{"href":"https:\/\/shalan1838.com\/en\/wp-json\/wp\/v2\/types\/product"}],"replies":[{"embeddable":true,"href":"https:\/\/shalan1838.com\/en\/wp-json\/wp\/v2\/comments?post=29179"}],"version-history":[{"count":1,"href":"https:\/\/shalan1838.com\/en\/wp-json\/wp\/v2\/product\/29179\/revisions"}],"predecessor-version":[{"id":29182,"href":"https:\/\/shalan1838.com\/en\/wp-json\/wp\/v2\/product\/29179\/revisions\/29182"}],"wp:featuredmedia":[{"embeddable":true,"href":"https:\/\/shalan1838.com\/en\/wp-json\/wp\/v2\/media\/29181"}],"wp:attachment":[{"href":"https:\/\/shalan1838.com\/en\/wp-json\/wp\/v2\/media?parent=29179"}],"wp:term":[{"taxonomy":"product_brand","embeddable":true,"href":"https:\/\/shalan1838.com\/en\/wp-json\/wp\/v2\/product_brand?post=29179"},{"taxonomy":"product_cat","embeddable":true,"href":"https:\/\/shalan1838.com\/en\/wp-json\/wp\/v2\/product_cat?post=29179"},{"taxonomy":"product_tag","embeddable":true,"href":"https:\/\/shalan1838.com\/en\/wp-json\/wp\/v2\/product_tag?post=29179"}],"curies":[{"name":"wp","href":"https:\/\/api.w.org\/{rel}","templated":true}]}}